{"id":5,"date":"2014-10-30T15:01:18","date_gmt":"2014-10-30T15:01:18","guid":{"rendered":"https:\/\/kustata.lt\/?page_id=5"},"modified":"2016-07-14T08:32:03","modified_gmt":"2016-07-14T08:32:03","slug":"apie-mus","status":"publish","type":"page","link":"https:\/\/kustata.lt\/","title":{"rendered":"Apie mus"},"content":{"rendered":"<p>U\u017edaroji akcin\u0117 bendrov\u0117 &#8222;Kustata&#8221; \u012fregistruota Lietuvos Respublikos \u012fmoni\u0173 rejestre 2008-10-14. Veiklos pob\u016bdis: sm\u0117lio ir \u017evyro karjer\u0173 eksploatavimas.<br \/>\n        Nuo \u012fk\u016brimo prad\u017eios iki 2012 met\u0173 bendrov\u0117  \u012fsigijo 6 \u017eem\u0117s sklypus 13 ha bendro ploto. Per t\u0105 laiko tarp\u0105 \u0161iuose \u017eem\u0117s sklypuose atliko visus LR \u012fstatymais ir kitais norminiais aktais numatytus tyrimus. Pareng\u0117 vis\u0105 reikaling\u0105 dokumentacij\u0105 tvarkingam nauding\u0173 i\u0161tekli\u0173 naudojimui. \u017dem\u0117s gelmi\u0173 i\u0161tekli\u0173 aprobavimo komisijoje 8,1 ha plote aprobuoti 1077 t\u016bkst. m\u00b3 nauding\u0173 i\u0161tekli\u0173 (i\u0161tekli\u0173 identifikavimo kodas 331) ir gautas leidimas \u0161i\u0173 i\u0161tekli\u0173 naudojimui. Atlikta preliminari \u017evalgyba papildomiems i\u0161tekliams i\u0161gauti gretimuose \u017eem\u0117s sklypuose. Ku\u0161l\u0117n\u0173 \u017evyro ir sm\u0117lio telkinys yra \u0161iaur\u0117s vakarin\u0117je Lietuvos, \u0161iaurin\u0117je Ma\u017eeiki\u0173 rajono dalyje Reivy\u010di\u0173 seni\u016bnijoje Ku\u0161l\u0117n\u0173 kaime.<br \/>\n        Nuo 2012 met\u0173 prad\u017eios UAB &#8222;Kustata&#8221; (Bendrov\u0117) eksploatuoja: 8,1 ha karjer\u0105 Ku\u0161l\u0117n\u0173 \u017evyro ir sm\u0117lio telkinyje.<br \/>\n        Bendrov\u0117 gamina ir parduoda Europos standartus atitinkan\u010dias med\u017eiagas:<br \/>\n\u2022\tsm\u0117l\u012f;<br \/>\n\u2022\t\u017evirg\u017ed\u0105;<br \/>\n\u2022\t\u017evirg\u017edo skald\u0105;<br \/>\n\u2022\tbiriuosius mi\u0161inius;<br \/>\n\u2022\tstatybin\u012f grunt\u0105;<br \/>\n\u2022       skaldos atsijas.<br \/>\n         Parduodama produkcija naudojama betono, asfaltbetonio mi\u0161ini\u0173 gamybai, keli\u0173 tiesimui, aplinkos tvarkymo, kitiems statybos darbams.<br \/>\n         Pirk\u0117j\u0173 patogumui teikiamos ir transporto paslaugos parduodam\u0173 med\u017eiag\u0173 atve\u017eimui.<br \/>\n      Bendrov\u0117 investuoja \u012f tolesn\u012f med\u017eiag\u0173 asortimento didinim\u0105 ir kokyb\u0117s gerinim\u0105, aplinkosaug\u0105, darbo na\u0161umo didinim\u0105 bei inovacijas. Investuodama \u012f \u0161iuolaikini\u0173 technologij\u0173 diegim\u0105, laikydamasi duoto \u017eod\u017eio, Bendrov\u0117 peln\u0117 verslo partneri\u0173 pasitik\u0117jim\u0105. Per labai trump\u0105 veiklos interval\u0105, tarp Bendrov\u0117s u\u017esakov\u0173 \u017einomos keli\u0173 tiesimo, betono gamybos ir statybos bendrov\u0117s.<br \/>\nBendrov\u0117s darbuotojai brangina klientus, \u012fsiklauso \u012f j\u0173 pageidavimus, profesionaliai suteikia paslaugas. Bendrov\u0117 kuria ilgaam\u017e\u012f versl\u0105 ir jau\u010dia atsakomyb\u0119 prie\u0161 savo klientus ir darbuotojus, visuomen\u0119 ir aplink\u0105. Verslo etika yra pagrindinis Bendrov\u0117s s\u0117km\u0117s kriterijus.<\/p>\n","protected":false},"excerpt":{"rendered":"<p>U\u017edaroji akcin\u0117 bendrov\u0117 &#8222;Kustata&#8221; \u012fregistruota Lietuvos Respublikos \u012fmoni\u0173 rejestre 2008-10-14. Veiklos pob\u016bdis: sm\u0117lio ir \u017evyro karjer\u0173 eksploatavimas. Nuo \u012fk\u016brimo prad\u017eios iki 2012 met\u0173 bendrov\u0117 \u012fsigijo 6 \u017eem\u0117s sklypus 13 ha bendro ploto. Per t\u0105 laiko tarp\u0105 \u0161iuose \u017eem\u0117s sklypuose atliko visus LR \u012fstatymais ir kitais norminiais aktais numatytus tyrimus. Pareng\u0117 vis\u0105 reikaling\u0105 dokumentacij\u0105 tvarkingam nauding\u0173 [&hellip;]<\/p>\n","protected":false},"author":1,"featured_media":0,"parent":0,"menu_order":0,"comment_status":"closed","ping_status":"open","template":"","meta":{"footnotes":""},"_links":{"self":[{"href":"https:\/\/kustata.lt\/index.php?rest_route=\/wp\/v2\/pages\/5"}],"collection":[{"href":"https:\/\/kustata.lt\/index.php?rest_route=\/wp\/v2\/pages"}],"about":[{"href":"https:\/\/kustata.lt\/index.php?rest_route=\/wp\/v2\/types\/page"}],"author":[{"embeddable":true,"href":"https:\/\/kustata.lt\/index.php?rest_route=\/wp\/v2\/users\/1"}],"replies":[{"embeddable":true,"href":"https:\/\/kustata.lt\/index.php?rest_route=%2Fwp%2Fv2%2Fcomments&post=5"}],"version-history":[{"count":3,"href":"https:\/\/kustata.lt\/index.php?rest_route=\/wp\/v2\/pages\/5\/revisions"}],"predecessor-version":[{"id":34,"href":"https:\/\/kustata.lt\/index.php?rest_route=\/wp\/v2\/pages\/5\/revisions\/34"}],"wp:attachment":[{"href":"https:\/\/kustata.lt\/index.php?rest_route=%2Fwp%2Fv2%2Fmedia&parent=5"}],"curies":[{"name":"wp","href":"https:\/\/api.w.org\/{rel}","templated":true}]}}