{"id":7,"date":"2014-10-30T15:01:29","date_gmt":"2014-10-30T15:01:29","guid":{"rendered":"https:\/\/kustata.lt\/?page_id=7"},"modified":"2025-01-09T12:38:18","modified_gmt":"2025-01-09T12:38:18","slug":"produkcija","status":"publish","type":"page","link":"https:\/\/kustata.lt\/?page_id=7","title":{"rendered":"Produkcija"},"content":{"rendered":"\n<figure class=\"wp-block-table\"><table><tbody><tr><td><strong>Pavadinimas<\/strong><\/td><td><strong>Frakcija<\/strong><br><strong>   (mm)<\/strong><\/td><td><strong>Piltinis tankis<\/strong><br>     <strong>  (t\/m<sup>3<\/sup>)<\/strong><\/td><td><strong>Kaina Eur\/t<\/strong><br>   <strong> be PVM<\/strong><\/td><\/tr><tr><td><br><br>Sm\u0117lis<\/td><td><br><br>karjerinis<\/td><td><br><br>1,50<\/td><td><br><br>3,50<\/td><\/tr><tr><td>Sm\u0117lingas gruntas<\/td><td>karjerinis<\/td><td>1,55<\/td><td>3,10<\/td><\/tr><tr><td>Sm\u0117lis plautas<\/td><td>0\/4<\/td><td>1,49<\/td><td>18,00<\/td><\/tr><tr><td>Birus mi\u0161inys (\u017dvyras)<\/td><td>karjerinis<\/td><td>1,66<\/td><td>5,80<\/td><\/tr><tr><td>Birus mi\u0161inys (A\u0160AS)<\/td><td>0\/8<\/td><td>1,50<\/td><td>7,50<\/td><\/tr><tr><td>Birus mi\u0161inys (A\u0160AS)<\/td><td>0\/16<\/td><td>1,52<\/td><td>8,50<\/td><\/tr><tr><td>Dolomitin\u0117 skalda<\/td><td>5\/32<\/td><td>1,30<\/td><td>27,00<\/td><\/tr><tr><td>Dolomitin\u0117 skalda (atsijos)<\/td><td>0\/5<\/td><td>1,61<\/td><td>22,00<\/td><\/tr><tr><td>Dolomitin\u0117 skalda (atsijos pilkos)<\/td><td>0\/5<\/td><td>1,62<\/td><td>33,00<\/td><\/tr><tr><td>\u017dvirg\u017edas (plautas)<\/td><td>4\/16<\/td><td>1,60<\/td><td>33,00<\/td><\/tr><tr><td>\u017dvirg\u017edas (sijotas)<\/td><td>8\/16<\/td><td>1,60<\/td><td>28,00<\/td><\/tr><tr><td>\u017dvirg\u017edo skalda (plauta)<\/td><td>4\/16<\/td><td>1,60<\/td><td>38,00<\/td><\/tr><tr><td>Rieduliai (akmenys)<\/td><td><\/td><td><\/td><td>24,00<\/td><\/tr><tr><td>Statybinis gruntas (priemolis)<\/td><td><\/td><td>1,45<\/td><td>2,50<\/td><\/tr><tr><td><\/td><td><\/td><td><\/td><td><\/td><\/tr><tr><td><\/td><td><\/td><td><\/td><td><\/td><\/tr><tr><td><\/td><td><\/td><td><\/td><td><\/td><\/tr><tr><td><\/td><td><\/td><td><\/td><td><\/td><\/tr><tr><td><\/td><td><\/td><td><\/td><td><\/td><\/tr><\/tbody><\/table><\/figure>\n","protected":false},"excerpt":{"rendered":"<p>Pavadinimas Frakcija (mm) Piltinis tankis (t\/m3) Kaina Eur\/t be PVM Sm\u0117lis karjerinis 1,50 3,50 Sm\u0117lingas gruntas karjerinis 1,55 3,10 Sm\u0117lis plautas 0\/4 1,49 18,00 Birus mi\u0161inys (\u017dvyras) karjerinis 1,66 5,80 Birus mi\u0161inys (A\u0160AS) 0\/8 1,50 7,50 Birus mi\u0161inys (A\u0160AS) 0\/16 1,52 8,50 Dolomitin\u0117 skalda 5\/32 1,30 27,00 Dolomitin\u0117 skalda (atsijos) 0\/5 1,61 22,00 Dolomitin\u0117 skalda [&hellip;]<\/p>\n","protected":false},"author":1,"featured_media":0,"parent":0,"menu_order":0,"comment_status":"closed","ping_status":"open","template":"","meta":{"footnotes":""},"_links":{"self":[{"href":"https:\/\/kustata.lt\/index.php?rest_route=\/wp\/v2\/pages\/7"}],"collection":[{"href":"https:\/\/kustata.lt\/index.php?rest_route=\/wp\/v2\/pages"}],"about":[{"href":"https:\/\/kustata.lt\/index.php?rest_route=\/wp\/v2\/types\/page"}],"author":[{"embeddable":true,"href":"https:\/\/kustata.lt\/index.php?rest_route=\/wp\/v2\/users\/1"}],"replies":[{"embeddable":true,"href":"https:\/\/kustata.lt\/index.php?rest_route=%2Fwp%2Fv2%2Fcomments&post=7"}],"version-history":[{"count":8,"href":"https:\/\/kustata.lt\/index.php?rest_route=\/wp\/v2\/pages\/7\/revisions"}],"predecessor-version":[{"id":67,"href":"https:\/\/kustata.lt\/index.php?rest_route=\/wp\/v2\/pages\/7\/revisions\/67"}],"wp:attachment":[{"href":"https:\/\/kustata.lt\/index.php?rest_route=%2Fwp%2Fv2%2Fmedia&parent=7"}],"curies":[{"name":"wp","href":"https:\/\/api.w.org\/{rel}","templated":true}]}}